{"id":6950,"date":"2024-10-23T10:30:29","date_gmt":"2024-10-23T08:30:29","guid":{"rendered":"https:\/\/www.berlin-spricht.org\/?page_id=6950"},"modified":"2025-07-22T17:31:35","modified_gmt":"2025-07-22T15:31:35","slug":"dazaga","status":"publish","type":"page","link":"https:\/\/www.berlin-spricht.org\/?page_id=6950","title":{"rendered":"Eine Schrift f\u00fcr Dazaga-Gourane-Karra"},"content":{"rendered":"<div class=\"wp-block-image\">\n<figure class=\"aligncenter size-full\"><img loading=\"lazy\" decoding=\"async\" width=\"1048\" height=\"686\" src=\"https:\/\/www.berlin-spricht.org\/wp-content\/uploads\/2024\/12\/Amma.png\" alt=\"\" class=\"wp-image-6985\" srcset=\"https:\/\/www.berlin-spricht.org\/wp-content\/uploads\/2024\/12\/Amma.png 1048w, https:\/\/www.berlin-spricht.org\/wp-content\/uploads\/2024\/12\/Amma-300x196.png 300w, https:\/\/www.berlin-spricht.org\/wp-content\/uploads\/2024\/12\/Amma-1024x670.png 1024w, https:\/\/www.berlin-spricht.org\/wp-content\/uploads\/2024\/12\/Amma-768x503.png 768w\" sizes=\"auto, (max-width: 1048px) 100vw, 1048px\" \/><\/figure><\/div>\n\n\n<p>&nbsp;<\/p>\n\n\n\n<p>Gemeinsam mit Mitgliedern der Karra-Gourane-Sprachgemeinschaft aus Berlin-Brandenburg haben wir ein Alphabet f\u00fcr die Sprache Dazaga-Gourane-Karra entwickelt, mit dem die Sprecher:innen nun ihre eigene Sprache schriftlich zum Leben erwecken und die reiche Geschichte und kulturelle Identit\u00e4t der Karra-Gourane f\u00fcr zuk\u00fcnftige Generationen festhalten und bewahren k\u00f6nnen.<\/p>\n\n\n\n<p>Ein Meilenstein, der die Stimmen der Karra-Gourane in die digitale Welt tr\u00e4gt.<\/p>\n\n\n\n<hr class=\"wp-block-separator has-alpha-channel-opacity\"\/>\n\n\n\n<h2 class=\"wp-block-heading\">Traditionelle Schrift, schwierige Umsetzung<\/h2>\n\n\n\n<div class=\"wp-block-columns is-layout-flex wp-container-core-columns-is-layout-9d6595d7 wp-block-columns-is-layout-flex\">\n<div class=\"wp-block-column is-layout-flow wp-block-column-is-layout-flow\" style=\"flex-basis:66.66%\">\n<figure class=\"wp-block-image aligncenter size-full is-style-default\"><img loading=\"lazy\" decoding=\"async\" width=\"1280\" height=\"580\" class=\"wp-image-6960\" style=\"padding: 30px 0px 20px 0px;\" src=\"https:\/\/www.berlin-spricht.org\/wp-content\/uploads\/2024\/10\/Fig2_LegacyDaz_allglyphs.png\" alt=\"\" srcset=\"https:\/\/www.berlin-spricht.org\/wp-content\/uploads\/2024\/10\/Fig2_LegacyDaz_allglyphs.png 1280w, https:\/\/www.berlin-spricht.org\/wp-content\/uploads\/2024\/10\/Fig2_LegacyDaz_allglyphs-300x136.png 300w, https:\/\/www.berlin-spricht.org\/wp-content\/uploads\/2024\/10\/Fig2_LegacyDaz_allglyphs-1024x464.png 1024w, https:\/\/www.berlin-spricht.org\/wp-content\/uploads\/2024\/10\/Fig2_LegacyDaz_allglyphs-768x348.png 768w\" sizes=\"auto, (max-width: 1280px) 100vw, 1280px\" \/><\/figure>\n\n\n\n<p>Zun\u00e4chst entwickelten Mitglieder der Berlin-Brandenburgischen Karra-Gourane-Community ein im Tschad entworfenes Alphabet, das traditionelle Kamelzeichen als Vorbild verwendet, mit Unterst\u00fctzung der Kommunikationsdesignerin Susanne Zippel (CEO <a href=\"https:\/\/mittelpunkt-zhongdian.de\">Mittelpunkt\u2022Zhongdian<\/a>) weiter. Ziel war es, die Schrift sowohl f\u00fcr die digitale Kommunikation als auch f\u00fcr den handschriftlichen Gebrauch verwendbar zu machen.<\/p>\n\n\n\n<p>Diese Version konnte sich bisher in der Sprachgemeinschaft noch nicht durchsetzen. Einer der Gr\u00fcnde hierf\u00fcr war, dass das Erlernen eines neuen Alphabets f\u00fcr viele erwachsene Lerner:innen ohne p\u00e4dagogische Unterst\u00fctzung eine zu gro\u00dfe Herausforderung darstellte.<\/p>\n<\/div>\n\n\n\n<div class=\"wp-block-column is-layout-flow wp-block-column-is-layout-flow\" style=\"flex-basis:33.33%\">\n<article class=\"mt-4 feature__teaser\">\n<div class=\"feature__teaser__content position-relative\" style=\"padding: 1rem;\">\n<h1>Hintergrund zur Sprache<\/h1>\n<p style=\"font-size: 1rem;\">Dazaga-Gourane-Karra ist eine nilo-saharische Sprache, die haupts\u00e4chlich im Tschad, aber auch in Teilen des Niger gesprochen wird. Nach unterschiedlichen Sch\u00e4tzungen liegt die Zahl der Muttersprachler:innen bei bis zu 2.25 Millionen Menschen. Zus\u00e4tzlich gibt es eine Community von etwa 150 Personen, die im Raum Berlin-Brandenburg leben. Die Sprache ist f\u00fcr Muttersprachler:innen auf m\u00fcndliche Kommunikation beschr\u00e4nkt. F\u00fcr schriftliche Kommunikation hingegen greifen sie entweder auf Arabisch oder Franz\u00f6sisch zur\u00fcck.<\/p>\n<\/div>\n<\/article>\n<\/div>\n<\/div>\n\n\n\n<hr class=\"wp-block-separator has-alpha-channel-opacity\"\/>\n\n\n\n<h2 class=\"wp-block-heading\">Ein neuer Entwurf<\/h2>\n\n\n\n\n\n<p><p><img loading=\"lazy\" decoding=\"async\" width=\"691\" height=\"385\" class=\"wp-image-6952 alignright\" style=\"width: 421px; height: auto;\" src=\"https:\/\/www.berlin-spricht.org\/wp-content\/uploads\/2024\/10\/Screenshot_20241023_103326-e1746603840804.png\" alt=\"\" srcset=\"https:\/\/www.berlin-spricht.org\/wp-content\/uploads\/2024\/10\/Screenshot_20241023_103326-e1746603840804.png 691w, https:\/\/www.berlin-spricht.org\/wp-content\/uploads\/2024\/10\/Screenshot_20241023_103326-e1746603840804-300x167.png 300w\" sizes=\"auto, (max-width: 691px) 100vw, 691px\" \/><\/p>\n<p>Eine neue Version des Alphabets basierte auf der lateinischen Schrift, die die Mitglieder der Berlin-Brandenburger Community in Zusammenarbeit mit Personen im Tschad erstellten. Vorteile der lateinischen Schriftzeichen sind:<\/p><\/p>\n\n\n\n<ul class=\"wp-block-list\">\n<li>einfache digitale Umsetzung<\/li>\n\n\n\n<li>F\u00fcr das lateinische Alphabet gibt es bereits Tastaturen<\/li>\n\n\n\n<li>Sprecher:innen kennen die Zeichen aus dem Franz\u00f6sischen oder Englischen<\/li>\n<\/ul>\n\n\n\n<p>Das lateinische Alphabet kann allerdings nicht so einfach angewendet werden. Die Sprachgemeinschaft wollte ein sogenanntes phonographisches Alphabet \u2013 das hei\u00dft, ein Buchstabe wird genau einem Laut zugeordnet. Die Lautvielfalt der Sprache ist jedoch gr\u00f6\u00dfer als im Lateinischen, sodass weitere Zeichen notwendig sind, um alle Laute abzubilden.<\/p>\n\n\n\n<p>Deshalb wurden die lateinischen Buchstaben mit diakritischen Zeichen kombiniert und Sonderzeichen aus dem Internationalen Phonetischen Alphabet (IPA) hinzugef\u00fcgt. Solche Sonderzeichen sind jedoch schwerer zu erlernen und haben Nachteile bei der digitalen Implementierung.&nbsp;<\/p>\n\n\n\n<hr class=\"wp-block-separator has-alpha-channel-opacity\"\/>\n\n\n\n<h2 class=\"wp-block-heading\"><strong>Community und Wissenschaft arbeiten zusammen<\/strong><\/h2>\n\n\n\n<p>Youssouf Mahamat Kerim von der Berlin-Brandenburger Karra-Gourane-Community und Julian A. Rott und Zacharias van Stek aus unserer Arbeitsgruppe Allgemeine Sprachwissenschaft an der Humboldt-Universit\u00e4t entwickelten den Entwurf des Alphabets f\u00fcr Dazaga-Gourane-Karra gemeinsam weiter. Das entstandene Alphabet hat 36 Buchstaben. Zacharias van Stek und Henri Schellberg erstellten f\u00fcr dieses Alphabet digitale Tastaturen f\u00fcr Computer und Smartphones, mit denen die Sprecher:innen leichter schreiben und Textnachrichten verschicken k\u00f6nnen.<\/p>\n\n\n\n<div class=\"wp-block-columns is-layout-flex wp-container-core-columns-is-layout-9d6595d7 wp-block-columns-is-layout-flex\">\n<div class=\"wp-block-column is-layout-flow wp-block-column-is-layout-flow\"><div class=\"wp-block-image wp-image-6962\">\n<figure class=\"aligncenter size-full is-resized\"><img loading=\"lazy\" decoding=\"async\" width=\"1080\" height=\"810\" src=\"https:\/\/www.berlin-spricht.org\/wp-content\/uploads\/2024\/10\/Fig5_PhoneKeyb.jpg\" alt=\"\" class=\"wp-image-6962\" style=\"width:478px;height:auto\" srcset=\"https:\/\/www.berlin-spricht.org\/wp-content\/uploads\/2024\/10\/Fig5_PhoneKeyb.jpg 1080w, https:\/\/www.berlin-spricht.org\/wp-content\/uploads\/2024\/10\/Fig5_PhoneKeyb-300x225.jpg 300w, https:\/\/www.berlin-spricht.org\/wp-content\/uploads\/2024\/10\/Fig5_PhoneKeyb-1024x768.jpg 1024w, https:\/\/www.berlin-spricht.org\/wp-content\/uploads\/2024\/10\/Fig5_PhoneKeyb-768x576.jpg 768w\" sizes=\"auto, (max-width: 1080px) 100vw, 1080px\" \/><figcaption class=\"wp-element-caption\">Die Dazaga-Gourane-Karra Handytastatur<\/figcaption><\/figure><\/div><\/div>\n\n\n\n<div class=\"wp-block-column is-layout-flow wp-block-column-is-layout-flow\">\n<h3 class=\"wp-block-heading\">Zuordnung von Lauten und Buchstaben<\/h3>\n\n\n\n<p>Zun\u00e4chst haben wir eine lautliche Analyse vorgenommen und die Vollst\u00e4ndigkeit des Schriftsystems \u00fcberpr\u00fcft. In Zusammenarbeit mit Youssouf Mahamat Kerim wurden dabei die einzelnen Laute der Sprache herausgearbeitet und den Buchstaben zugeordnet. Vor- und Nachteile verschiedener Zuordnungen von Lauten und Schriftzeichen wurden diskutiert und im Hinblick auf Digitalisierung, Erlernbarkeit und kulturelle Aspekte bewertet. Das nun vorliegende Alphabet ist das Ergebnis eines Aushandlungsprozesses, bei dem die Sprachgemeinschaft die finale Entscheidung getroffen hat.<\/p>\n<\/div>\n<\/div>\n\n\n\n<hr class=\"wp-block-separator has-alpha-channel-opacity\"\/>\n\n\n\n<h2 class=\"wp-block-heading\">Das Dazaga-Gourane-Karra Alphabet in der Praxis<\/h2>\n\n\n\n<p>Die Republik Tschad hat die Schrift am 18. M\u00e4rz 2025 offiziell anerkannt. Nun arbeiten Mitglieder der Sprachgemeinschaft daran, das Alphabet zu erlernen, zu lehren und in der Sprachgemeinschaft zu verbreiten. Daf\u00fcr erstellt die aktive Community zur Zeit zahlreiche Lernmaterialien, darunter ein Lernvideo und ein W\u00f6rterbuch in Zusammenarbeit mit einer Grafikdesignerin. Das Alphabet ist dabei nur der erste Schritt zu einer standardisierten Schreibweise.<\/p>\n\n\n\n<p>Gleichzeitig haben wir die Hoffnung nicht aufgegeben, auch eine traditionelle Schrift auf der Basis von Kamelzeichen zu entwickeln. Gemeinsam mit Susanne Zippel und Youssouf Mahamat Kerim arbeiten wir an einer vereinfachten Form der Kamelzeichenschrift.<\/p>\n","protected":false},"excerpt":{"rendered":"<p>&nbsp; Gemeinsam mit Mitgliedern der Karra-Gourane-Sprachgemeinschaft aus Berlin-Brandenburg haben wir ein Alphabet f\u00fcr die Sprache Dazaga-Gourane-Karra entwickelt, mit dem die Sprecher:innen nun ihre eigene Sprache schriftlich zum Leben erwecken und die reiche Geschichte und kulturelle Identit\u00e4t der Karra-Gourane f\u00fcr zuk\u00fcnftige Generationen festhalten und bewahren k\u00f6nnen. Ein Meilenstein, der die Stimmen der Karra-Gourane in die digitale [&hellip;]<\/p>\n","protected":false},"author":77,"featured_media":6952,"parent":0,"menu_order":0,"comment_status":"closed","ping_status":"closed","template":"","meta":{"footnotes":""},"class_list":["post-6950","page","type-page","status-publish","has-post-thumbnail","hentry"],"acf":[],"_links":{"self":[{"href":"https:\/\/www.berlin-spricht.org\/index.php?rest_route=\/wp\/v2\/pages\/6950","targetHints":{"allow":["GET"]}}],"collection":[{"href":"https:\/\/www.berlin-spricht.org\/index.php?rest_route=\/wp\/v2\/pages"}],"about":[{"href":"https:\/\/www.berlin-spricht.org\/index.php?rest_route=\/wp\/v2\/types\/page"}],"author":[{"embeddable":true,"href":"https:\/\/www.berlin-spricht.org\/index.php?rest_route=\/wp\/v2\/users\/77"}],"replies":[{"embeddable":true,"href":"https:\/\/www.berlin-spricht.org\/index.php?rest_route=%2Fwp%2Fv2%2Fcomments&post=6950"}],"version-history":[{"count":101,"href":"https:\/\/www.berlin-spricht.org\/index.php?rest_route=\/wp\/v2\/pages\/6950\/revisions"}],"predecessor-version":[{"id":7150,"href":"https:\/\/www.berlin-spricht.org\/index.php?rest_route=\/wp\/v2\/pages\/6950\/revisions\/7150"}],"wp:featuredmedia":[{"embeddable":true,"href":"https:\/\/www.berlin-spricht.org\/index.php?rest_route=\/wp\/v2\/media\/6952"}],"wp:attachment":[{"href":"https:\/\/www.berlin-spricht.org\/index.php?rest_route=%2Fwp%2Fv2%2Fmedia&parent=6950"}],"curies":[{"name":"wp","href":"https:\/\/api.w.org\/{rel}","templated":true}]}}