{"id":6674,"date":"2023-05-24T19:45:44","date_gmt":"2023-05-24T17:45:44","guid":{"rendered":"http:\/\/172.28.34.83\/berlin-spricht?page_id=6674"},"modified":"2025-07-31T17:00:26","modified_gmt":"2025-07-31T15:00:26","slug":"uber","status":"publish","type":"page","link":"https:\/\/www.berlin-spricht.org\/?page_id=6674","title":{"rendered":"\u00dcber"},"content":{"rendered":"<p class=\"docData;DOCY;v5;6857;BQiAAgAAEYQCAAAGiAIAAAN7GgAABYkaAAAAAAAAAAAAAAAAAAAAAAAAAAAAAAAAAAAAAAAAAAAAAAAAAAAAAAAAAAAAAAAAAAAAAAAAAAAAAAAAAAAAAAAAAAAAAAAAAAAAAAAAAAAAAAAAAAAAAAAAAAAAAAAAAAAAAAAAAAAAAAAAAAAAAAAAAAAAAAAAAAAAAAAAAAAAAAAAAAAAAAAAAAAAAAAAAAAAAAAAAAAAAAAAAAAAAAAAAAAAAAAAAAAAAAAAAAAAAAAAAAAAAAAAAAAAAAAAAAAAAAAAAAAAAAAAAAAAAAAAAAAAAAAAAAAAAAAAAAAAAAAAAAAAAAAAAAAAAAAAAAAAAAAAAAAAAAAAAAAAAAAAAAAAAAAAAAAAAAAAAAAAAAAAAAAAAAAAAAAAAAAAAAAAAAAAAAAAAAAAAAAAAAAAAAAAAAAAAAAAAAAAAAAAAAAAAAAAAAAAAAAAAAAAAAAAAAAAAAAAAAAAAAAAAAAAAAAAAAAAAAAAAAAAAAAAAAAAAAAAAAAAAAAAAAAAAAAAAAAAAAAAAAAAAAAAAAAAAAAAAAAAAAAAAAAAAAAAAAAAAAAAAAAAAAAAAAAAAAAAAAAAAAAAAAAAAAAAAAAAAAAAAAAAAAAAAAAAAAAAAAAAAAAAAAAAAAAAAAAAAAAAAAAAAAAAAAAAAAAAAAAAAAAAAAAAAAAAAAAAAAAAAAAAAAAAAAAAAAAAAAAAAAAAAAAAAAAAAAAAAAAAAAAAAAAAAAAAAAAAAAAAAAAAAAAAAAAAAAAAAAAAAAAAAAAAAAAAAAAAAAAAAAAAAAAAAAAAAAAAAAAAAAAAAAAAAAAAAAAAAAAAAAAAAAAA7xcAAAArAgAAAdYAAAABBhIAAAAkBAAAAAAlBAAAAAAmBAAAAAAJBgwAAAAoBAAAAAApBAAAAAAaBjwAAAAEBgoAAABBAHIAaQBhAGwABQYKAAAAQQByAGkAYQBsAAcGCgAAAEEAcgBpAGEAbAAIBBgAAAAWBBgAAAAbBmQAAAAAFAAAAAADAAAABQQAAAAABgQEAAAAAwEAARQAAAAAAwAAAAUEAAAAAAYEBAAAAAMBAAIUAAAAAAMAAAAFBAAAAAAGBAQAAAADAQADFAAAAAADAAAABQQAAAAABgQEAAAAAwEAAksBAAAF7AAAAAFRAAAABAYKAAAAQQByAGkAYQBsAAUGCgAAAEEAcgBpAGEAbAAHBgoAAABBAHIAaQBhAGwABgYKAAAAQQByAGkAYQBsAAgEGAAAAAkDAAAAFgQYAAAACJEAAAAAjAAAAFcAaQBlACAAdgBpAGUAbABlACAAUwBwAHIAYQBjAGgAZQBuACAAcwBwAHIAaQBjAGgAdAAgAEIAZQByAGwAaQBuAD8AIABIAGkAbABmACAAdQBuAHMAIABkAGEAYgBlAGkALAAgAGUAcwAgAGgAZQByAGEAdQBzAHoAdQBmAGkAbgBkAGUAbgAuAKAABQoAAAABAAAAAAgAAAAABUYAAAABPAAAAAQGCgAAAEEAcgBpAGEAbAAFBgoAAABBAHIAaQBhAGwABwYKAAAAQQByAGkAYQBsAAgEGAAAABYEGAAAAAgAAAAAAJUBAAAB1gAAAAEGEgAAACQEAAAAACUEAAAAACYEAAAAAAkGDAAAACgEAAAAACkEAAAAABoGPAAAAAQGCgAAAEEAcgBpAGEAbAAFBgoAAABBAHIAaQBhAGwABwYKAAAAQQByAGkAYQBsAAgEGAAAABYEGAAAABsGZAAAAAAUAAAAAAMAAAAFBAAAAAAGBAQAAAADAQABFAAAAAADAAAABQQAAAAABgQEAAAAAwEAAhQAAAAAAwAAAAUEAAAAAAYEBAAAAAMBAAMUAAAAAAMAAAAFBAAAAAAGBAQAAAADAQACtQAAAAVWAAAAAUwAAAAEBgoAAABBAHIAaQBhAGwABQYKAAAAQQByAGkAYQBsAAcGCgAAAEEAcgBpAGEAbAAGBgoAAABBAHIAaQBhAGwACAQYAAAAFgQYAAAACAAAAAAFCgAAAAEAAAAACAAAAAAFRgAAAAE8AAAABAYKAAAAQQByAGkAYQBsAAUGCgAAAEEAcgBpAGEAbAAHBgoAAABBAHIAaQBhAGwACAQYAAAAFgQYAAAACAAAAAAAtwEAAAHWAAAAAQYSAAAAJAQAAAAAJQQAAAAAJgQAAAAACQYMAAAAKAQAAAAAKQQAAAAAGgY8AAAABAYKAAAAQQByAGkAYQBsAAUGCgAAAEEAcgBpAGEAbAAHBgoAAABBAHIAaQBhAGwACAQYAAAAFgQYAAAAGwZkAAAAABQAAAAAAwAAAAUEAAAAAAYEBAAAAAMBAAEUAAAAAAMAAAAFBAAAAAAGBAQAAAADAQACFAAAAAADAAAABQQAAAAABgQEAAAAAwEAAxQAAAAAAwAAAAUEAAAAAAYEBAAAAAMBAALXAAAABXgAAAABUQAAAAQGCgAAAEEAcgBpAGEAbAAFBgoAAABBAHIAaQBhAGwABwYKAAAAQQByAGkAYQBsAAYGCgAAAEEAcgBpAGEAbAAIBBgAAAAJAwAAABYEGAAAAAgdAAAAABgAAABXAGUAcgAgAHcAaQByACAAcwBpAG4AZAAFCgAAAAEAAAAACAAAAAAFRgAAAAE8AAAABAYKAAAAQQByAGkAYQBsAAUGCgAAAEEAcgBpAGEAbAAHBgoAAABBAHIAaQBhAGwACAQYAAAAFgQYAAAACAAAAAAAWgUAAAHWAAAAAQYSAAAAJAQAAAAAJQQAAAAAJgQAAAAACQYMAAAAKAQAAAAAKQQAAAAAGgY8AAAABAYKAAAAQQByAGkAYQBsAAUGCgAAAEEAcgBpAGEAbAAHBgoAAABBAHIAaQBhAGwACAQYAAAAFgQYAAAAGwZkAAAAABQAAAAAAwAAAAUEAAAAAAYEBAAAAAMBAAEUAAAAAAMAAAAFBAAAAAAGBAQAAAADAQACFAAAAAADAAAABQQAAAAABgQEAAAAAwEAAxQAAAAAAwAAAAUEAAAAAAYEBAAAAAMBAAJ6BAAABWYAAAABUQAAAAQGCgAAAEEAcgBpAGEAbAAFBgoAAABBAHIAaQBhAGwABwYKAAAAQQByAGkAYQBsAAYGCgAAAEEAcgBpAGEAbAAIBBgAAAAJAwAAABYEGAAAAAgLAAAAAAYAAABEAGEAcwAFcgAAAAFRAAAABAYKAAAAQQByAGkAYQBsAAUGCgAAAEEAcgBpAGEAbAAHBgoAAABBAHIAaQBhAGwABgYKAAAAQQByAGkAYQBsAAgEGAAAAAkDAAAAFgQYAAAACBcAAAAAEgAAACAAUAByAG8AagBlAGsAdAAgAAWEAAAAAVcAAAABAQEEBgoAAABBAHIAaQBhAGwABQYKAAAAQQByAGkAYQBsAAcGCgAAAEEAcgBpAGEAbAAGBgoAAABBAHIAaQBhAGwACAQYAAAACQMAAAAVAQEWBBgAAAAIIwAAAAAeAAAAQgBlAHIAbABpAG4AIABzAHAAcgBpAGMAaAB0ACEABYgAAAABUQAAAAQGCgAAAEEAcgBpAGEAbAAFBgoAAABBAHIAaQBhAGwABwYKAAAAQQByAGkAYQBsAAYGCgAAAEEAcgBpAGEAbAAIBBgAAAAJAwAAABYEGAAAAAgtAAAAACgAAAAgAG0A9gBjAGgAdABlACAAZABpAGUAIABTAHAAcgBhAGMAaABlAG4ABZIAAAABUQAAAAQGCgAAAEEAcgBpAGEAbAAFBgoAAABBAHIAaQBhAGwABwYKAAAAQQByAGkAYQBsAAYGCgAAAEEAcgBpAGEAbAAIBBgAAAAJAwAAABYEGAAAAAg3AAAAADIAAAAgAEIAZQByAGwAaQBuAHMAIABzAGkAYwBoAHQAYgBhAHIAIABtAGEAYwBoAGUAbgAuAAWMAQAAAVEAAAAEBgoAAABBAHIAaQBhAGwABQYKAAAAQQByAGkAYQBsAAcGCgAAAEEAcgBpAGEAbAAGBgoAAABBAHIAaQBhAGwACAQYAAAACQMAAAAWBBgAAAAIMQEAAAAsAQAAIABJAG4AIABCAGUAcgBsAGkAbgAgAGwAZQBiAGUAbgAgAE0AZQBuAHMAYwBoAGUAbgAgAGEAdQBzACAA\/ABiAGUAcgAgADEAOAAwACAATADkAG4AZABlAHIAbgAuACAAUwBpAGUAIABzAHAAcgBlAGMAaABlAG4AIAB2AGkAZQBsAGUAIAB1AG4AdABlAHIAcwBjAGgAaQBlAGQAbABpAGMAaABlACAAUwBwAHIAYQBjAGgAZQBuACwAIAB2AGkAZQBsAGUAIABkAGEAdgBvAG4AIABhAHUA3wBlAHIAaABhAGwAYgAgAGQAZQByACAAQwBvAG0AbQB1AG4AaQB0AHkAIABnAOQAbgB6AGwAaQBjAGgAIAB1AG4AYgBlAGsAYQBuAG4AdAAuACAABQoAAAABAAAAAAgAAAAABUYAAAABPAAAAAQGCgAAAEEAcgBpAGEAbAAFBgoAAABBAHIAaQBhAGwABwYKAAAAQQByAGkAYQBsAAgEGAAAABYEGAAAAAgAAAAAAKEBAAAB1gAAAAEGEgAAACQEAAAAACUEAAAAACYEAAAAAAkGDAAAACgEAAAAACkEAAAAABoGPAAAAAQGCgAAAEEAcgBpAGEAbAAFBgoAAABBAHIAaQBhAGwABwYKAAAAQQByAGkAYQBsAAgEGAAAABYEGAAAABsGZAAAAAAUAAAAAAMAAAAFBAAAAAAGBAQAAAADAQABFAAAAAADAAAABQQAAAAABgQEAAAAAwEAAhQAAAAAAwAAAAUEAAAAAAYEBAAAAAMBAAMUAAAAAAMAAAAFBAAAAAAGBAQAAAADAQACwQAAAAViAAAAAVEAAAAEBgoAAABBAHIAaQBhAGwABQYKAAAAQQByAGkAYQBsAAcGCgAAAEEAcgBpAGEAbAAGBgoAAABBAHIAaQBhAGwACAQYAAAACQMAAAAWBBgAAAAIBwAAAAACAAAAoAAFCgAAAAEAAAAACAAAAAAFRgAAAAE8AAAABAYKAAAAQQByAGkAYQBsAAUGCgAAAEEAcgBpAGEAbAAHBgoAAABBAHIAaQBhAGwACAQYAAAAFgQYAAAACAAAAAAAswEAAAHWAAAAAQYSAAAAJAQAAAAAJQQAAAAAJgQAAAAACQYMAAAAKAQAAAAAKQQAAAAAGgY8AAAABAYKAAAAQQByAGkAYQBsAAUGCgAAAEEAcgBpAGEAbAAHBgoAAABBAHIAaQBhAGwACAQYAAAAFgQYAAAAGwZkAAAAABQAAAAAAwAAAAUEAAAAAAYEBAAAAAMBAAEUAAAAAAMAAAAFBAAAAAAGBAQAAAADAQACFAAAAAADAAAABQQAAAAABgQEAAAAAwEAAxQAAAAAAwAAAAUEAAAAAAYEBAAAAAMBAALTAAAABXQAAAABUQAAAAQGCgAAAEEAcgBpAGEAbAAFBgoAAABBAHIAaQBhAGwABwYKAAAAQQByAGkAYQBsAAYGCgAAAEEAcgBpAGEAbAAIBBgAAAAJAwAAABYEGAAAAAgZAAAAABQAAABVAG4AcwBlAHIAIABaAGkAZQBsAAUKAAAAAQAAAAAIAAAAAAVGAAAAATwAAAAEBgoAAABBAHIAaQBhAGwABQYKAAAAQQByAGkAYQBsAAcGCgAAAEEAcgBpAGEAbAAIBBgAAAAWBBgAAAAIAAAAAADRBwAAAd4AAAABBhIAAAAkBAAAAAAlBAAAAAAmBAAAAAAJBgwAAAAoBAAAAAApBAAAAAAaBkQAAAAEBgoAAABBAHIAaQBhAGwABQYKAAAAQQByAGkAYQBsAAcGCgAAAEEAcgBpAGEAbAAIBBgAAAAJAwAAAAwBABYEGAAAABsGZAAAAAAUAAAAAAMAAAAFBAAAAAAGBAQAAAADAQABFAAAAAADAAAABQQAAAAABgQEAAAAAwEAAhQAAAAAAwAAAAUEAAAAAAYEBAAAAAMBAAMUAAAAAAMAAAAFBAAAAAAGBAQAAAADAQAC6QYAAAWzAAAAAVQAAAAEBgoAAABBAHIAaQBhAGwABQYKAAAAQQByAGkAYQBsAAcGCgAAAEEAcgBpAGEAbAAGBgoAAABBAHIAaQBhAGwACAQYAAAACQMAAAAMAQAWBBgAAAAIVQAAAABQAAAAVwBpAHIAIABlAG4AdAB3AGkAYwBrAGUAbABuACAAZQBpAG4AIABPAG4AbABpAG4AZQAtAFAAbwByAHQAYQBsACAAZgD8AHIAIABkAGkAZQAF7gAAAAFRAAAABAYKAAAAQQByAGkAYQBsAAUGCgAAAEEAcgBpAGEAbAAHBgoAAABBAHIAaQBhAGwABgYKAAAAQQByAGkAYQBsAAgEGAAAAAkDAAAAFgQYAAAACJMAAAAAjgAAACAAUwBwAHIAYQBjAGgAZQBuACAAQgBlAHIAbABpAG4AcwAuACAAQQB1AGYAIABlAGkAbgBlAHIAIABLAGEAcgB0AGUAIAB3AGUAcgBkAGUAbgAgAE8AcgB0AGUAIAB2AG8AbgAgAFMAcAByAGEAYwBoAGcAZQBtAGUAaQBuAHMAYwBoAGEAZgB0AGUAbgAFYgAAAAFRAAAABAYKAAAAQQByAGkAYQBsAAUGCgAAAEEAcgBpAGEAbAAHBgoAAABBAHIAaQBhAGwABgYKAAAAQQByAGkAYQBsAAgEGAAAAAkDAAAAFgQYAAAACAcAAAAAAgAAACAABXgAAAABUQAAAAQGCgAAAEEAcgBpAGEAbAAFBgoAAABBAHIAaQBhAGwABwYKAAAAQQByAGkAYQBsAAYGCgAAAEEAcgBpAGEAbAAIBBgAAAAJAwAAABYEGAAAAAgdAAAAABgAAABkAGEAcgBnAGUAcwB0AGUAbABsAHQAIAAFegAAAAFRAAAABAYKAAAAQQByAGkAYQBsAAUGCgAAAEEAcgBpAGEAbAAHBgoAAABBAHIAaQBhAGwABgYKAAAAQQByAGkAYQBsAAgEGAAAAAkDAAAAFgQYAAAACB8AAAAAGgAAAHcAaQBlACAAUwBwAHIAYQBjAGgAYwBhAGYABYoAAAABUQAAAAQGCgAAAEEAcgBpAGEAbAAFBgoAAABBAHIAaQBhAGwABwYKAAAAQQByAGkAYQBsAAYGCgAAAEEAcgBpAGEAbAAIBBgAAAAJAwAAABYEGAAAAAgvAAAAACoAAADpAHMALAAgAEsAdQBsAHQAdQByAHoAZQBuAHQAcgBlAG4AIABlAHQAYwAF5AAAAAFRAAAABAYKAAAAQQByAGkAYQBsAAUGCgAAAEEAcgBpAGEAbAAHBgoAAABBAHIAaQBhAGwABgYKAAAAQQByAGkAYQBsAAgEGAAAAAkDAAAAFgQYAAAACIkAAAAAhAAAAC4AIABTAG8AIABrAPYAbgBuAGUAbgAgAFMAcAByAGUAYwBoAGUAcgA6AGkAbgBuAGUAbgAgAEcAZQBtAGUAaQBuAHMAYwBoAGEAZgB0AGUAbgAgAGkAaAByAGUAcgAgAFMAcAByAGEAYwBoAGUAIABmAGkAbgBkAGUAbgAgAHUAbgBkAAWAAAAAAVEAAAAEBgoAAABBAHIAaQBhAGwABQYKAAAAQQByAGkAYQBsAAcGCgAAAEEAcgBpAGEAbAAGBgoAAABBAHIAaQBhAGwACAQYAAAACQMAAAAWBBgAAAAIJQAAAAAgAAAAIABzAGkAYwBoACAAdgBlAHIAbgBlAHQAegBlAG4ALgAFsgAAAAFRAAAABAYKAAAAQQByAGkAYQBsAAUGCgAAAEEAcgBpAGEAbAAHBgoAAABBAHIAaQBhAGwABgYKAAAAQQByAGkAYQBsAAgEGAAAAAkDAAAAFgQYAAAACFcAAAAAUgAAACAAQQB1AGMAaAAgAGsA9gBuAG4AZQBuACAATQBlAG4AcwBjAGgAZQBuACAAaQBoAHIAZQAgAFMAcAByAGEAYwBoAGUAIAB1AG4AZAAgAEsAdQAFwAAAAAFRAAAABAYKAAAAQQByAGkAYQBsAAUGCgAAAEEAcgBpAGEAbAAHBgoAAABBAHIAaQBhAGwABgYKAAAAQQByAGkAYQBsAAgEGAAAAAkDAAAAFgQYAAAACGUAAAAAYAAAAGwAdAB1AHIAIABwAHIA5ABzAGUAbgB0AGkAZQByAGUAbgAgAHUAbgBkACAAcwBpAGMAaAAgAHMAbwAgAHMAaQBjAGgAdABiAGEAcgBlAHIAIABtAGEAYwBoAGUAbgAuAAUKAAAAAQAAAAAIAAAAAAVOAAAAAUQAAAAEBgoAAABBAHIAaQBhAGwABQYKAAAAQQByAGkAYQBsAAcGCgAAAEEAcgBpAGEAbAAIBBgAAAAJAwAAAAwBABYEGAAAAAgAAAAAANEBAAAB7gAAAAEGEgAAACQEAAAAACUEAAAAACYEAAAAAAkGDAAAACgEAAAAACkEAAAAABoGVAAAAAQGCgAAAEEAcgBpAGEAbAAFBgoAAABBAHIAaQBhAGwABwYKAAAAQQByAGkAYQBsAAYGCgAAAEEAcgBpAGEAbAAIBBgAAAAJAwAAAAwBABYEGAAAABsGZAAAAAAUAAAAAAMAAAAFBAAAAAAGBAQAAAADAQABFAAAAAADAAAABQQAAAAABgQEAAAAAwEAAhQAAAAAAwAAAAUEAAAAAAYEBAAAAAMBAAMUAAAAAAMAAAAFBAAAAAAGBAQAAAADAQAC2QAAAAViAAAAAVEAAAAEBgoAAABBAHIAaQBhAGwABQYKAAAAQQByAGkAYQBsAAcGCgAAAEEAcgBpAGEAbAAGBgoAAABBAHIAaQBhAGwACAQYAAAACQMAAAAWBBgAAAAIBwAAAAACAAAAoAAFCgAAAAEAAAAACAAAAAAFXgAAAAFUAAAABAYKAAAAQQByAGkAYQBsAAUGCgAAAEEAcgBpAGEAbAAHBgoAAABBAHIAaQBhAGwABgYKAAAAQQByAGkAYQBsAAgEGAAAAAkDAAAADAEAFgQYAAAACAAAAAAKAAAAAAAAAAARAAAAADwAAAAAEgAAAAEGAAAAAAkGAAAAABsGAAAAAAEbAAAAKAEHKQEHKgEGKwEFEwEBCAQYAAAAFgQYAAAAAgAAAAA=\"><strong>Wie viele Sprachen spricht Berlin?<\/strong> <strong>Hilf uns dabei, dies herauszufinden.<\/strong><\/p>\n<p><strong>Wer wir sind<\/strong><\/p>\n<p>Das Projekt <i>Berlin spricht!<\/i> wird von der Arbeitsgruppe Allgemeine Sprachwissenschaft am Institut f\u00fcr deutsche Sprache und Linguistik der Humboldt-Universit\u00e4t zu Berlin entwickelt.<\/p>\n<p><strong>Unser Ziel<\/strong><\/p>\n<p>In Berlin leben Menschen aus \u00fcber 180 L\u00e4ndern. Sie sprechen viele unterschiedliche Sprachen, viele davon au\u00dferhalb der Community g\u00e4nzlich unbekannt. Wir m\u00f6chten diese Sprachenvielfalt Berlins sichtbar machen.<\/p>\n<p>Dazu entwickeln wir ein Online-Portal. Auf einer Karte werden Orte von Sprachgemeinschaften wie Sprachcaf\u00e9s, Kulturzentren etc. angezeigt. Auf diese Weise k\u00f6nnen Sprecher:innen Gemeinschaften ihrer Sprache in Berlin finden und sich vernetzen. Dar\u00fcber hinaus k\u00f6nnen Menschen ihre Sprache und Kultur pr\u00e4sentieren und diese so sichtbar machen.<\/p>\n","protected":false},"excerpt":{"rendered":"<p>Wie viele Sprachen spricht Berlin? Hilf uns dabei, dies herauszufinden. Wer wir sind Das Projekt Berlin spricht! wird von der Arbeitsgruppe Allgemeine Sprachwissenschaft am Institut f\u00fcr deutsche Sprache und Linguistik der Humboldt-Universit\u00e4t zu Berlin entwickelt. Unser Ziel In Berlin leben Menschen aus \u00fcber 180 L\u00e4ndern. Sie sprechen viele unterschiedliche Sprachen, viele davon au\u00dferhalb der Community [&hellip;]<\/p>\n","protected":false},"author":3,"featured_media":0,"parent":0,"menu_order":0,"comment_status":"closed","ping_status":"closed","template":"","meta":{"footnotes":""},"class_list":["post-6674","page","type-page","status-publish","hentry"],"acf":[],"_links":{"self":[{"href":"https:\/\/www.berlin-spricht.org\/index.php?rest_route=\/wp\/v2\/pages\/6674","targetHints":{"allow":["GET"]}}],"collection":[{"href":"https:\/\/www.berlin-spricht.org\/index.php?rest_route=\/wp\/v2\/pages"}],"about":[{"href":"https:\/\/www.berlin-spricht.org\/index.php?rest_route=\/wp\/v2\/types\/page"}],"author":[{"embeddable":true,"href":"https:\/\/www.berlin-spricht.org\/index.php?rest_route=\/wp\/v2\/users\/3"}],"replies":[{"embeddable":true,"href":"https:\/\/www.berlin-spricht.org\/index.php?rest_route=%2Fwp%2Fv2%2Fcomments&post=6674"}],"version-history":[{"count":9,"href":"https:\/\/www.berlin-spricht.org\/index.php?rest_route=\/wp\/v2\/pages\/6674\/revisions"}],"predecessor-version":[{"id":7169,"href":"https:\/\/www.berlin-spricht.org\/index.php?rest_route=\/wp\/v2\/pages\/6674\/revisions\/7169"}],"wp:attachment":[{"href":"https:\/\/www.berlin-spricht.org\/index.php?rest_route=%2Fwp%2Fv2%2Fmedia&parent=6674"}],"curies":[{"name":"wp","href":"https:\/\/api.w.org\/{rel}","templated":true}]}}