{"id":570,"date":"2021-02-17T14:40:33","date_gmt":"2021-02-17T13:40:33","guid":{"rendered":"http:\/\/172.28.34.83\/berlin-spricht\/contact\/"},"modified":"2025-07-25T09:30:22","modified_gmt":"2025-07-25T07:30:22","slug":"contact","status":"publish","type":"page","link":"https:\/\/www.berlin-spricht.org\/?page_id=570","title":{"rendered":"Kontakt"},"content":{"rendered":"<h2><img loading=\"lazy\" decoding=\"async\" class=\"alignnone wp-image-6798 size-full\" src=\"http:\/\/172.28.34.83\/berlin-spricht\/wp-content\/uploads\/2023\/05\/31141599196_98e05924c0_c.jpg\" alt=\"\" width=\"800\" height=\"533\" srcset=\"https:\/\/www.berlin-spricht.org\/wp-content\/uploads\/2023\/05\/31141599196_98e05924c0_c.jpg 800w, https:\/\/www.berlin-spricht.org\/wp-content\/uploads\/2023\/05\/31141599196_98e05924c0_c-300x200.jpg 300w, https:\/\/www.berlin-spricht.org\/wp-content\/uploads\/2023\/05\/31141599196_98e05924c0_c-768x512.jpg 768w\" sizes=\"auto, (max-width: 800px) 100vw, 800px\" \/><\/h2>\n<h2 class=\"documentFirstHeading\">TYP^EX Lab: Allgemeine Sprachwissenschaft<\/h2>\n<p>Humboldt-Universit\u00e4t zu Berlin<br \/>\nSprach- und literaturwissenschaftliche Fakult\u00e4t<br \/>\nInstitut f\u00fcr deutsche Sprache und Linguistik<br \/>\nDorotheenstr. 24<br \/>\n10117 Berlin<\/p>\n<h3>Kontakt<\/h3>\n<p>E-Mail: themling(at)hu-berlin.de<\/p>\n<h3>Sekretariat<\/h3>\n<p>Sandra Bock<br \/>\nDorotheenstr. 24<br \/>\n10117 Berlin<br \/>\nRaum 3.306<br \/>\nTel: +49 30 2093-9639<\/p>\n<h2 id=\"spokesperson\">Leitung<\/h2>\n<p><a href=\"https:\/\/www.linguistik.hu-berlin.de\/de\/institut\/professuren\/allgemeine-sprachwissenschaft\/allgemeine-sprachwissenschaft\/mitarbeitende\/verhoeven\">Prof. Dr. Elisabeth Verhoeven<\/a><br \/>\nHumboldt-Universit\u00e4t zu Berlin<br \/>\nSprach- und literaturwissenschaftliche Fakult\u00e4t<br \/>\n<a href=\"https:\/\/www.linguistik.hu-berlin.de\/\">Institut f\u00fcr deutsche Sprache und Linguistik<\/a><br \/>\nDorotheenstra\u00dfe 24<br \/>\n10117 Berlin<\/p>\n<h2>Websiteverwaltung<\/h2>\n<p>F\u00fcr Fragen und Anregungen rund um diese Webseite wenden Sie sich bitte an themling(at)hu-berlin.de.<\/p>\n","protected":false},"excerpt":{"rendered":"<p>TYP^EX Lab: Allgemeine Sprachwissenschaft Humboldt-Universit\u00e4t zu Berlin Sprach- und literaturwissenschaftliche Fakult\u00e4t Institut f\u00fcr deutsche Sprache und Linguistik Dorotheenstr. 24 10117 Berlin Kontakt E-Mail: themling(at)hu-berlin.de Sekretariat Sandra Bock Dorotheenstr. 24 10117 Berlin Raum 3.306 Tel: +49 30 2093-9639 Leitung Prof. Dr. Elisabeth Verhoeven Humboldt-Universit\u00e4t zu Berlin Sprach- und literaturwissenschaftliche Fakult\u00e4t Institut f\u00fcr deutsche Sprache und Linguistik [&hellip;]<\/p>\n","protected":false},"author":3,"featured_media":0,"parent":0,"menu_order":0,"comment_status":"closed","ping_status":"closed","template":"","meta":{"footnotes":""},"class_list":["post-570","page","type-page","status-publish","hentry"],"acf":[],"_links":{"self":[{"href":"https:\/\/www.berlin-spricht.org\/index.php?rest_route=\/wp\/v2\/pages\/570","targetHints":{"allow":["GET"]}}],"collection":[{"href":"https:\/\/www.berlin-spricht.org\/index.php?rest_route=\/wp\/v2\/pages"}],"about":[{"href":"https:\/\/www.berlin-spricht.org\/index.php?rest_route=\/wp\/v2\/types\/page"}],"author":[{"embeddable":true,"href":"https:\/\/www.berlin-spricht.org\/index.php?rest_route=\/wp\/v2\/users\/3"}],"replies":[{"embeddable":true,"href":"https:\/\/www.berlin-spricht.org\/index.php?rest_route=%2Fwp%2Fv2%2Fcomments&post=570"}],"version-history":[{"count":29,"href":"https:\/\/www.berlin-spricht.org\/index.php?rest_route=\/wp\/v2\/pages\/570\/revisions"}],"predecessor-version":[{"id":7151,"href":"https:\/\/www.berlin-spricht.org\/index.php?rest_route=\/wp\/v2\/pages\/570\/revisions\/7151"}],"wp:attachment":[{"href":"https:\/\/www.berlin-spricht.org\/index.php?rest_route=%2Fwp%2Fv2%2Fmedia&parent=570"}],"curies":[{"name":"wp","href":"https:\/\/api.w.org\/{rel}","templated":true}]}}